{"id":5048,"date":"2019-04-03T14:26:11","date_gmt":"2019-04-03T14:26:11","guid":{"rendered":"https:\/\/try.chethemes.com\/vodi\/?page_id=5009"},"modified":"2023-02-16T13:54:30","modified_gmt":"2023-02-16T13:54:30","slug":"contact","status":"publish","type":"page","link":"https:\/\/cifetv.up-cife.com\/?page_id=5048","title":{"rendered":"Contacto"},"content":{"rendered":"\n<div class=\"is-layout-flex wp-container-6 wp-block-columns has-2-columns contact-form\">\n<div class=\"is-layout-flow wp-block-column\">\n<div style=\"height:100px\" aria-hidden=\"true\" class=\"wp-block-spacer\"><\/div>\n\n\n\n<h2 class=\"contact-page__title\">\u00a1Escr\u00edbenos un mail!<\/h2>\n\n\n<div class=\"wpforms-container wpforms-container-full contact-form\" id=\"wpforms-5382\"><form id=\"wpforms-form-5382\" class=\"wpforms-validate wpforms-form\" data-formid=\"5382\" method=\"post\" enctype=\"multipart\/form-data\" action=\"\/index.php?rest_route=%2Fwp%2Fv2%2Fpages%2F5048\" data-token=\"5155880e22325a6725ccbaa8b268ba91\"><noscript class=\"wpforms-error-noscript\">Por favor, activa JavaScript en tu navegador para completar este formulario.<\/noscript><div class=\"wpforms-field-container\"><div id=\"wpforms-5382-field_0-container\" class=\"wpforms-field wpforms-field-name\" data-field-id=\"0\"><label class=\"wpforms-field-label\" for=\"wpforms-5382-field_0\">\u00bfC\u00f3mo te llamas? <span class=\"wpforms-required-label\">*<\/span><\/label><input type=\"text\" id=\"wpforms-5382-field_0\" class=\"wpforms-field-large wpforms-field-required\" name=\"wpforms[fields][0]\" required><\/div><div id=\"wpforms-5382-field_1-container\" class=\"wpforms-field wpforms-field-email\" data-field-id=\"1\"><label class=\"wpforms-field-label\" for=\"wpforms-5382-field_1\">\u00bfCu\u00e1l es tu mail? <span class=\"wpforms-required-label\">*<\/span><\/label><input type=\"email\" id=\"wpforms-5382-field_1\" class=\"wpforms-field-large wpforms-field-required\" name=\"wpforms[fields][1]\" spellcheck=\"false\" required><\/div><div id=\"wpforms-5382-field_3-container\" class=\"wpforms-field wpforms-field-text\" data-field-id=\"3\"><label class=\"wpforms-field-label\" for=\"wpforms-5382-field_3\">Asunto <span class=\"wpforms-required-label\">*<\/span><\/label><input type=\"text\" id=\"wpforms-5382-field_3\" class=\"wpforms-field-large wpforms-field-required\" name=\"wpforms[fields][3]\" required><\/div><div id=\"wpforms-5382-field_4-container\" class=\"wpforms-field wpforms-field-textarea\" data-field-id=\"4\"><label class=\"wpforms-field-label\" for=\"wpforms-5382-field_4\">Cu\u00e9ntanos <span class=\"wpforms-required-label\">*<\/span><\/label><textarea id=\"wpforms-5382-field_4\" class=\"wpforms-field-large wpforms-field-required\" name=\"wpforms[fields][4]\" required><\/textarea><\/div><\/div><!-- .wpforms-field-container --><div class=\"wpforms-field wpforms-field-hp\"><label for=\"wpforms-5382-field-hp\" class=\"wpforms-field-label\">Comment<\/label><input type=\"text\" name=\"wpforms[hp]\" id=\"wpforms-5382-field-hp\" class=\"wpforms-field-medium\"><\/div><div class=\"wpforms-submit-container\" ><input type=\"hidden\" name=\"wpforms[id]\" value=\"5382\"><input type=\"hidden\" name=\"wpforms[author]\" value=\"1\"><button type=\"submit\" name=\"wpforms[submit]\" id=\"wpforms-submit-5382\" class=\"wpforms-submit\" data-alt-text=\"Enviando...\" data-submit-text=\"Enviar\" aria-live=\"assertive\" value=\"wpforms-submit\">Enviar<\/button><\/div><\/form><\/div>  <!-- .wpforms-container -->\n\n\n\n<p><\/p>\n<\/div>\n\n\n\n<div class=\"is-layout-flow wp-block-column\">\n<div style=\"height:100px\" aria-hidden=\"true\" class=\"wp-block-spacer\"><\/div>\n\n\n\n<h2 class=\"contact-page__title\">Preguntas frecuentes<\/h2>\n\n\n\n        <section class=\"home-section vodi-faq-section\" >\n            <div class=\"container\">\n                <div class=\"faq-section__inner\">\n                    <div class=\"faq-section__faqs\">\n                      <div class=\"faq-section__faq\">\n                            <div class=\"faq-section__faq-header\" id=\"head-faq-69f119934f2b00\">\n                                <h5>\n                                    <a href=\"#\" class=\"faq-section__faq-header--link collapsed \" data-toggle=\"collapse\" data-target=\"#collapese-faq-69f119934f2b00\" aria-expanded=\"true\" aria-controls=\"collapese-faq-69f119934f2b00\">\n                                        \u00bfQu\u00e9 es CifeTV? \n                                    <\/a>\n                                <\/h5>\n                            <\/div>\n\n                            <div id=\"collapese-faq-69f119934f2b00\" class=\"collapse hideshow\" aria-labelledby=\"head-faq-69f119934f2b00\" data-parent=\"#accordionExample\">\n                                <div class=\"faq-section__faq-body\">\n                                    Es una televisi\u00f3n creada por los alumnos trabajadores de la \u201cEspecialidad en desarrollo de Contenidos para Televisi\u00f3n Online\u201d de la Escuela Profesional Dual de Empleo de \u201cDesarrollo de Sistemas Tecnol\u00f3gicos Inteligentes\u201d del O.A. Universidad Popular del Ayuntamiento de C\u00e1ceres. \n                                <\/div>\n                            <\/div>\n                        <\/div><div class=\"faq-section__faq\">\n                            <div class=\"faq-section__faq-header\" id=\"head-faq-69f119934f2b01\">\n                                <h5>\n                                    <a href=\"#\" class=\"faq-section__faq-header--link collapsed collapsed\" data-toggle=\"collapse\" data-target=\"#collapese-faq-69f119934f2b01\" aria-expanded=\"true\" aria-controls=\"collapese-faq-69f119934f2b01\">\n                                        \u00bfEn qu\u00e9 dispositivos puedo ver esta televisi\u00f3n? \n                                    <\/a>\n                                <\/h5>\n                            <\/div>\n\n                            <div id=\"collapese-faq-69f119934f2b01\" class=\"collapse hide\" aria-labelledby=\"head-faq-69f119934f2b01\" data-parent=\"#accordionExample\">\n                                <div class=\"faq-section__faq-body\">\n                                    En cualquier dispositivo (m\u00f3vil, tablet, Pc o Mac)  que tenga un explorador web o aplicaci\u00f3n de youtube. \n                                <\/div>\n                            <\/div>\n                        <\/div><div class=\"faq-section__faq\">\n                            <div class=\"faq-section__faq-header\" id=\"head-faq-69f119934f2b02\">\n                                <h5>\n                                    <a href=\"#\" class=\"faq-section__faq-header--link collapsed collapsed\" data-toggle=\"collapse\" data-target=\"#collapese-faq-69f119934f2b02\" aria-expanded=\"true\" aria-controls=\"collapese-faq-69f119934f2b02\">\n                                        \u00bfQu\u00e9 tipo de contenidos ofrece Cife TV? \n                                    <\/a>\n                                <\/h5>\n                            <\/div>\n\n                            <div id=\"collapese-faq-69f119934f2b02\" class=\"collapse hide\" aria-labelledby=\"head-faq-69f119934f2b02\" data-parent=\"#accordionExample\">\n                                <div class=\"faq-section__faq-body\">\n                                    CifeTV est\u00e1 centrada en la actividad de los organismos aut\u00f3nomos del Ayuntamiento de C\u00e1ceres, donde se emite contenido On Demand y emisiones en directo de los eventos principales de la ciudad de C\u00e1ceres. Esta entidad promotora proporciona un canal de comunicaci\u00f3n de inter\u00e9s p\u00fablico, social y de servicio a la comunidad, mediante el cual se podr\u00e1 acercar a diferentes tipos de p\u00fablico todas y cada una de las acciones que acometen en la ciudad. \n                                <\/div>\n                            <\/div>\n                        <\/div><\/div>\n                <\/div>\n            <\/div>\n        <\/section>\n\n\n<div class=\"is-layout-flex wp-container-4 wp-block-columns has-2-columns\">\n<div class=\"is-layout-flow wp-block-column\">\n<h2 class=\"contact-page__title\">Nuestras oficinas<\/h2>\n<address><b>CIFE Valhondo<\/b><br>\nAv. de la Universidad, 2<br>10004 C\u00e1ceres\n<\/address><br>\n<br>\n<address><b>CIFE Embarcadero<\/b><br>\nC. Sta. Cristina, Garaje2.0<br>10195 C\u00e1ceres\n<\/address><br>\n<address><b>CIFE H\u00e9roes de Baler<\/b><br>\nAv. H\u00e9roes de Baler<br>10004 C\u00e1ceres\n<\/address>\n<\/div>\n\n\n\n<div class=\"is-layout-flow wp-block-column\">\n<h2 class=\"contact-page__title\">Horario<\/h2>\n<p class=\"working-hours\"><span>Lunes a Viernes:<br>8:00-15:00<\/span>\n<\/p>\n<\/div>\n<\/div>\n<\/div>\n<\/div>\n\n\n\n\n\n\n\n<h2 class=\"has-text-align-center lead\">#ConformandomiDSTINO<\/h2>\n","protected":false},"excerpt":{"rendered":"<p>\u00a1Escr\u00edbenos un mail! Preguntas frecuentes Nuestras oficinas CIFE Valhondo Av. de la Universidad, 210004 C\u00e1ceres CIFE Embarcadero C. Sta. Cristina,<\/p>\n","protected":false},"author":1,"featured_media":0,"parent":0,"menu_order":0,"comment_status":"closed","ping_status":"closed","template":"","meta":[],"_links":{"self":[{"href":"https:\/\/cifetv.up-cife.com\/index.php?rest_route=\/wp\/v2\/pages\/5048"}],"collection":[{"href":"https:\/\/cifetv.up-cife.com\/index.php?rest_route=\/wp\/v2\/pages"}],"about":[{"href":"https:\/\/cifetv.up-cife.com\/index.php?rest_route=\/wp\/v2\/types\/page"}],"author":[{"embeddable":true,"href":"https:\/\/cifetv.up-cife.com\/index.php?rest_route=\/wp\/v2\/users\/1"}],"replies":[{"embeddable":true,"href":"https:\/\/cifetv.up-cife.com\/index.php?rest_route=%2Fwp%2Fv2%2Fcomments&post=5048"}],"version-history":[{"count":15,"href":"https:\/\/cifetv.up-cife.com\/index.php?rest_route=\/wp\/v2\/pages\/5048\/revisions"}],"predecessor-version":[{"id":6133,"href":"https:\/\/cifetv.up-cife.com\/index.php?rest_route=\/wp\/v2\/pages\/5048\/revisions\/6133"}],"wp:attachment":[{"href":"https:\/\/cifetv.up-cife.com\/index.php?rest_route=%2Fwp%2Fv2%2Fmedia&parent=5048"}],"curies":[{"name":"wp","href":"https:\/\/api.w.org\/{rel}","templated":true}]}}